{"id":81,"date":"2011-08-02T11:31:55","date_gmt":"2011-08-02T09:31:55","guid":{"rendered":"http:\/\/www.kerstins-reich.de\/buecherreich\/?page_id=81"},"modified":"2019-01-21T15:02:46","modified_gmt":"2019-01-21T14:02:46","slug":"rezensionswunsche","status":"publish","type":"page","link":"https:\/\/kerstins-reich.de\/buecherreich\/?page_id=81","title":{"rendered":"Rezensionsw\u00fcnsche?"},"content":{"rendered":"<p><strong>&#8211; Achtung! Momentan bitte keine Rezensionsanfragen. Ich bin f\u00fcr die n\u00e4chsten Monate komplett ausgebucht! &#8211;<\/strong><\/p>\n<p>&nbsp;<\/p>\n<p>Haben Sie Interesse, dass B\u00fccher Ihres Verlagsprogramms von mir rezensiert werden? Dann wenden Sie sich gern jederzeit per Post oder E-Mail an mich. Meine bevorzugten Genres:<\/p>\n<p>&#8211; Thriller\/Krimi<br \/>\n&#8211; Romantic Suspense\/Liebesroman<br \/>\n&#8211; Young Adult\/All Age-B\u00fccher (vor allem Dystopien)<br \/>\n&#8211; Chick-Lit\/Familiendrama<\/p>\n<p>&nbsp;<\/p>\n<p>Meine Rezensionen erscheinen au\u00dferdem:<\/p>\n<ul>\n<li>\u00a0\u00a0 www.amazon.de<\/li>\n<li>\u00a0\u00a0 www.ebook.de<\/li>\n<li>\u00a0\u00a0 www.bol.de<\/li>\n<li>\u00a0\u00a0 www.buecher.de<\/li>\n<li>\u00a0\u00a0 www.lovelybooks.de<\/li>\n<\/ul>\n<p>&nbsp;<\/p>\n<p>&nbsp;<\/p>\n","protected":false},"excerpt":{"rendered":"<p>&#8211; Achtung! Momentan bitte keine Rezensionsanfragen. Ich bin f\u00fcr die n\u00e4chsten Monate komplett ausgebucht! &#8211; &nbsp; Haben Sie Interesse, dass B\u00fccher Ihres Verlagsprogramms von mir rezensiert werden? Dann wenden Sie sich gern jederzeit per Post oder E-Mail an mich. Meine bevorzugten Genres: &#8211; Thriller\/Krimi &#8211; Romantic Suspense\/Liebesroman &#8211; Young Adult\/All Age-B\u00fccher (vor allem Dystopien) &#8211; [&hellip;]<\/p>\n","protected":false},"author":1,"featured_media":0,"parent":0,"menu_order":3,"comment_status":"open","ping_status":"open","template":"","meta":{"footnotes":""},"class_list":["post-81","page","type-page","status-publish","hentry"],"_links":{"self":[{"href":"https:\/\/kerstins-reich.de\/buecherreich\/index.php?rest_route=\/wp\/v2\/pages\/81","targetHints":{"allow":["GET"]}}],"collection":[{"href":"https:\/\/kerstins-reich.de\/buecherreich\/index.php?rest_route=\/wp\/v2\/pages"}],"about":[{"href":"https:\/\/kerstins-reich.de\/buecherreich\/index.php?rest_route=\/wp\/v2\/types\/page"}],"author":[{"embeddable":true,"href":"https:\/\/kerstins-reich.de\/buecherreich\/index.php?rest_route=\/wp\/v2\/users\/1"}],"replies":[{"embeddable":true,"href":"https:\/\/kerstins-reich.de\/buecherreich\/index.php?rest_route=%2Fwp%2Fv2%2Fcomments&post=81"}],"version-history":[{"count":10,"href":"https:\/\/kerstins-reich.de\/buecherreich\/index.php?rest_route=\/wp\/v2\/pages\/81\/revisions"}],"predecessor-version":[{"id":2526,"href":"https:\/\/kerstins-reich.de\/buecherreich\/index.php?rest_route=\/wp\/v2\/pages\/81\/revisions\/2526"}],"wp:attachment":[{"href":"https:\/\/kerstins-reich.de\/buecherreich\/index.php?rest_route=%2Fwp%2Fv2%2Fmedia&parent=81"}],"curies":[{"name":"wp","href":"https:\/\/api.w.org\/{rel}","templated":true}]}}