{"id":10,"date":"2011-07-31T13:40:35","date_gmt":"2011-07-31T11:40:35","guid":{"rendered":"http:\/\/www.kerstins-reich.de\/buecherreich\/?page_id=10"},"modified":"2019-01-21T14:59:29","modified_gmt":"2019-01-21T13:59:29","slug":"uber-mich","status":"publish","type":"page","link":"https:\/\/kerstins-reich.de\/buecherreich\/?page_id=10","title":{"rendered":"\u00dcber mich"},"content":{"rendered":"<p><img loading=\"lazy\" decoding=\"async\" style=\"margin-right: 10px;\" title=\"kerstinneu\" src=\"http:\/\/www.kerstins-reich.de\/buecherreich\/wp-content\/uploads\/2011\/07\/kerstinneu.jpg\" alt=\"Ich\" width=\"116\" height=\"145\" align=\"left\" \/>An dieser Stelle m\u00f6chte ich mich euch kurz vorstellen. Ich wurde 1972 in Zittau, dem s\u00fcd\u00f6stlichsten Zipfel Deutschlands (Dreil\u00e4ndereck Polen\/Tschechien) geboren und wohne nach einem kurzen Ausflug aufs Dorf auch wieder dort. Dieser kleine B\u00fccherblog ist ein lang gehegter Traum von mir. Ich bin von Kindesbeinen an eine flei\u00dfige Leseratte und mit der Wende er\u00f6ffnete sich mir eine noch viel gr\u00f6\u00dfere Auswahl an Lesefutter.<\/p>\n<p>Da es mit meinem Wunschberuf der Bibliothekarin nicht geklappt hat und ich auch eine sp\u00e4ter angestrebte T\u00e4tigkeit im Buchhandel nicht aufnehmen konnte, ist alles, was mit B\u00fcchern zu tun hat, zu meiner gr\u00f6\u00dften Freizeitbesch\u00e4ftigung geworden. Endlich geht es f\u00fcr mich trotzdem noch in die lang angestrebte Richtung, denn als zweites Standbein neben einem kleinen Lieferservice f\u00fcr Briefpapier und Adressaufkleber habe ich mich als Korrektor und Lektor etabliert. Hier \u00fcbernahm ich seit 2012 Auftr\u00e4ge f\u00fcr den bookshouse und den Sieben Verlag. Auch habe ich \u00fcber 1 Jahr ein Forum f\u00fcr Korrekturleser betreut. Inzwischen bin ich vorrangig f\u00fcr Selfpublisher t\u00e4tig und korrigiere regelm\u00e4\u00dfig f\u00fcr Bastei L\u00fcbbe. N\u00e4here Informationen bei Interesse unter www.korrektorat-thieme.de.<\/p>\n<p>Ich w\u00fcrde mich selbst als b\u00fcchers\u00fcchtig bezeichnen und habe \u00fcber die Jahre mehr als 3000 B\u00fccher angesammelt. Da irgendwann jeder Platz begrenzt ist, muss ich mich leider von vielen B\u00fcchern wieder trennen. Ausschlie\u00dflich besondere Highlights und signierte B\u00fccher bleiben bei mir. Mittlerweile bin ich allerdings auch schon zu einem nicht unerheblichen Teil auf E-Books umgestiegen, was zumindest das Platzproblem l\u00f6st, leider aber nicht das Zeitproblem.<\/p>\n<p>Durch die wunderbare Webseite www.vorablesen.de bin ich im Oktober 2008 dazu gekommen, Rezensionen f\u00fcr meine gelesenen B\u00fccher zu schreiben. Nach einigen positiven Feedbacks fand ich immer mehr Gefallen daran. Zwischenzeitlich habe ich mehrere Jahre f\u00fcr den &#8222;LoveLetter&#8220; rezensiert und mache dies inzwischen auch f\u00fcr diverse Verlage und Autoren.<\/p>\n<p>Ich m\u00f6chte euch auf meinem Blog meine gelesenen B\u00fccher vorstellen, auf besondere Highlights in der B\u00fccherwelt hinweisen, von Events berichten, so ich sie denn besuchen kann und ab und an auch mitteilen, welche Romane neu bei mir eingezogen sind. Viel Spa\u00df dabei w\u00fcnscht Kerstin!<\/p>\n","protected":false},"excerpt":{"rendered":"<p>An dieser Stelle m\u00f6chte ich mich euch kurz vorstellen. Ich wurde 1972 in Zittau, dem s\u00fcd\u00f6stlichsten Zipfel Deutschlands (Dreil\u00e4ndereck Polen\/Tschechien) geboren und wohne nach einem kurzen Ausflug aufs Dorf auch wieder dort. Dieser kleine B\u00fccherblog ist ein lang gehegter Traum von mir. Ich bin von Kindesbeinen an eine flei\u00dfige Leseratte und mit der Wende er\u00f6ffnete [&hellip;]<\/p>\n","protected":false},"author":1,"featured_media":0,"parent":0,"menu_order":1,"comment_status":"open","ping_status":"open","template":"","meta":{"footnotes":""},"class_list":["post-10","page","type-page","status-publish","hentry"],"_links":{"self":[{"href":"https:\/\/kerstins-reich.de\/buecherreich\/index.php?rest_route=\/wp\/v2\/pages\/10","targetHints":{"allow":["GET"]}}],"collection":[{"href":"https:\/\/kerstins-reich.de\/buecherreich\/index.php?rest_route=\/wp\/v2\/pages"}],"about":[{"href":"https:\/\/kerstins-reich.de\/buecherreich\/index.php?rest_route=\/wp\/v2\/types\/page"}],"author":[{"embeddable":true,"href":"https:\/\/kerstins-reich.de\/buecherreich\/index.php?rest_route=\/wp\/v2\/users\/1"}],"replies":[{"embeddable":true,"href":"https:\/\/kerstins-reich.de\/buecherreich\/index.php?rest_route=%2Fwp%2Fv2%2Fcomments&post=10"}],"version-history":[{"count":15,"href":"https:\/\/kerstins-reich.de\/buecherreich\/index.php?rest_route=\/wp\/v2\/pages\/10\/revisions"}],"predecessor-version":[{"id":2524,"href":"https:\/\/kerstins-reich.de\/buecherreich\/index.php?rest_route=\/wp\/v2\/pages\/10\/revisions\/2524"}],"wp:attachment":[{"href":"https:\/\/kerstins-reich.de\/buecherreich\/index.php?rest_route=%2Fwp%2Fv2%2Fmedia&parent=10"}],"curies":[{"name":"wp","href":"https:\/\/api.w.org\/{rel}","templated":true}]}}